{"id":36,"date":"2023-08-31T16:37:39","date_gmt":"2023-08-31T14:37:39","guid":{"rendered":"https:\/\/netzwerk-schul-it.wobila.de\/?page_id=36"},"modified":"2023-09-01T08:42:09","modified_gmt":"2023-09-01T06:42:09","slug":"startseite","status":"publish","type":"page","link":"https:\/\/netzwerk-schul-it.wobila.de\/","title":{"rendered":"Startseite"},"content":{"rendered":"\n<figure class=\"wp-block-image\"><img loading=\"lazy\" decoding=\"async\" width=\"841\" height=\"297\" src=\"https:\/\/netzwerk-schul-it.wobila.de\/wp-content\/uploads\/2023\/08\/Logo_Netzwerk-Schul_IT_transparent-1.png\" alt=\"\" class=\"wp-image-40\" srcset=\"https:\/\/netzwerk-schul-it.wobila.de\/wp-content\/uploads\/2023\/08\/Logo_Netzwerk-Schul_IT_transparent-1.png 841w, https:\/\/netzwerk-schul-it.wobila.de\/wp-content\/uploads\/2023\/08\/Logo_Netzwerk-Schul_IT_transparent-1-300x106.png 300w, https:\/\/netzwerk-schul-it.wobila.de\/wp-content\/uploads\/2023\/08\/Logo_Netzwerk-Schul_IT_transparent-1-768x271.png 768w\" sizes=\"auto, (max-width: 841px) 100vw, 841px\" \/><\/figure>\n\n\n\n<p><\/p>\n\n\n\n<p class=\"has-text-align-center\">Herzlich Willkommen auf der Internetpr\u00e4senz des <br>Netzwerk Schul-IT.<\/p>\n\n\n\n<p><br>Diese Site befindet sich noch im Beta-Stadium und wird im Lauf der kommenden Wochen mit Leben gef\u00fcllt \ud83d\ude42<\/p>\n\n\n\n<p><br>Wenn Sie mit dem Netzwerk Schul-IT Kontakt aufnehmen m\u00f6chten, wenden Sie sich bitte per Mail an die Sprecher:<\/p>\n\n\n\n<p>Herrn Kleene \u00fcber die Mail-Adresse<br>Patrick.Kleene(at)Emsland.de<\/p>\n\n\n\n<p>oder<\/p>\n\n\n\n<p>Herrn G\u00fclzow \u00fcber die Mail-Adresse<br>Andre.Guelzow(at)Stadt.Wolfsburg.de<\/p>\n","protected":false},"excerpt":{"rendered":"<p>Herzlich Willkommen auf der Internetpr\u00e4senz des Netzwerk Schul-IT. Diese Site befindet sich noch im Beta-Stadium und wird im Lauf der kommenden Wochen mit Leben gef\u00fcllt \ud83d\ude42 Wenn Sie mit dem Netzwerk Schul-IT Kontakt aufnehmen m\u00f6chten, wenden Sie sich bitte per Mail an die Sprecher: Herrn Kleene \u00fcber die Mail-AdressePatrick.Kleene(at)Emsland.de oder Herrn G\u00fclzow \u00fcber die Mail-AdresseAndre.Guelzow(at)Stadt.Wolfsburg.de<\/p>\n","protected":false},"author":1,"featured_media":0,"parent":0,"menu_order":0,"comment_status":"closed","ping_status":"closed","template":"","meta":{"footnotes":""},"class_list":["post-36","page","type-page","status-publish","hentry"],"_links":{"self":[{"href":"https:\/\/netzwerk-schul-it.wobila.de\/index.php?rest_route=\/wp\/v2\/pages\/36","targetHints":{"allow":["GET"]}}],"collection":[{"href":"https:\/\/netzwerk-schul-it.wobila.de\/index.php?rest_route=\/wp\/v2\/pages"}],"about":[{"href":"https:\/\/netzwerk-schul-it.wobila.de\/index.php?rest_route=\/wp\/v2\/types\/page"}],"author":[{"embeddable":true,"href":"https:\/\/netzwerk-schul-it.wobila.de\/index.php?rest_route=\/wp\/v2\/users\/1"}],"replies":[{"embeddable":true,"href":"https:\/\/netzwerk-schul-it.wobila.de\/index.php?rest_route=%2Fwp%2Fv2%2Fcomments&post=36"}],"version-history":[{"count":9,"href":"https:\/\/netzwerk-schul-it.wobila.de\/index.php?rest_route=\/wp\/v2\/pages\/36\/revisions"}],"predecessor-version":[{"id":57,"href":"https:\/\/netzwerk-schul-it.wobila.de\/index.php?rest_route=\/wp\/v2\/pages\/36\/revisions\/57"}],"wp:attachment":[{"href":"https:\/\/netzwerk-schul-it.wobila.de\/index.php?rest_route=%2Fwp%2Fv2%2Fmedia&parent=36"}],"curies":[{"name":"wp","href":"https:\/\/api.w.org\/{rel}","templated":true}]}}