{"id":77,"date":"2023-09-05T07:26:35","date_gmt":"2023-09-05T05:26:35","guid":{"rendered":"https:\/\/netzwerk-schul-it.wobila.de\/?page_id=77"},"modified":"2023-09-05T07:26:35","modified_gmt":"2023-09-05T05:26:35","slug":"uber-das-netzwerk","status":"publish","type":"page","link":"https:\/\/netzwerk-schul-it.wobila.de\/?page_id=77","title":{"rendered":"\u00dcber das Netzwerk"},"content":{"rendered":"\n<p><\/p>\n\n\n\n<p>Das&nbsp;Netzwerk&nbsp;Schul-IT Niedersachsen&nbsp;hat sich im Jahre 2016 gegr\u00fcndet. Getreu dem Motto:&nbsp;&#8222;Niemand muss das Rad neu erfinden&#8220;&nbsp;war von Beginn an&nbsp;der Grundgedanke, sich auf der Sacharbeiterebene \u00fcber die Sorgen \/ N\u00f6te \/ Erfahrungen \/ Konzepte \/ Informationen \u00fcber alle Belange der&nbsp;Schul-IT auszutauschen und ggf.&nbsp;gemeinsam&nbsp;Strategien zu erarbeiten. Von anf\u00e4nglich sieben Schultr\u00e4gern ist das Netzwerk in der Zwischenzeit auf 30 Kommunen angewachsen.<\/p>\n\n\n\n<p>Das Netzwerk richtet sich an die f\u00fcr Schul-IT (Systembetreuung, Support, F\u00f6rderprogramme wie den&nbsp;DigitalPakt, Konzepterstellung wie&nbsp;MEP) zust\u00e4ndigen oder verantwortlichen Mitarbeiterinnen und Mitarbeiter der kommunalen Verwaltungen, Vereine oder \u00e4hnliches in Niedersachsen.<\/p>\n\n\n\n<p>Ziele des Netzwerkes sind u.a.: der allgemeine Austausch \u00fcber aktuelle Themen, die Vermittlung von Ansprechpartnern,&nbsp;Best-Practise-Beispiele, Austausch \u00fcber F\u00f6rderprogramme, Sammlung und Weitergabe von relevanten Informationen, Abstimmung zur Teilnahme an Veranstaltungen, gemeinsame Konzeptentwicklung.<\/p>\n\n\n\n<p><strong>Kontakt<br><\/strong>Stadt Wolfsburg<br>Andre G\u00fclzow<br><a href=\"mailto:andre.guelzow@stadt.wolfsburg.de\">andre.guelzow@stadt.wolfsburg.de<\/a><\/p>\n\n\n\n<p>Landkreis Emsland<br>Patrick Kleene<br><a href=\"mailto:patrick.kleene@emsland.de\">patrick.kleene@emsland.de<\/a> <\/p>\n","protected":false},"excerpt":{"rendered":"<p>Das&nbsp;Netzwerk&nbsp;Schul-IT Niedersachsen&nbsp;hat sich im Jahre 2016 gegr\u00fcndet. Getreu dem Motto:&nbsp;&#8222;Niemand muss das Rad neu erfinden&#8220;&nbsp;war von Beginn an&nbsp;der Grundgedanke, sich auf der Sacharbeiterebene \u00fcber die Sorgen \/ N\u00f6te \/ Erfahrungen \/ Konzepte \/ Informationen \u00fcber alle Belange der&nbsp;Schul-IT auszutauschen und ggf.&nbsp;gemeinsam&nbsp;Strategien zu erarbeiten. Von anf\u00e4nglich sieben Schultr\u00e4gern ist das Netzwerk in der Zwischenzeit auf 30 [&hellip;]<\/p>\n","protected":false},"author":5,"featured_media":0,"parent":0,"menu_order":0,"comment_status":"closed","ping_status":"closed","template":"","meta":{"footnotes":""},"class_list":["post-77","page","type-page","status-publish","hentry"],"_links":{"self":[{"href":"https:\/\/netzwerk-schul-it.wobila.de\/index.php?rest_route=\/wp\/v2\/pages\/77","targetHints":{"allow":["GET"]}}],"collection":[{"href":"https:\/\/netzwerk-schul-it.wobila.de\/index.php?rest_route=\/wp\/v2\/pages"}],"about":[{"href":"https:\/\/netzwerk-schul-it.wobila.de\/index.php?rest_route=\/wp\/v2\/types\/page"}],"author":[{"embeddable":true,"href":"https:\/\/netzwerk-schul-it.wobila.de\/index.php?rest_route=\/wp\/v2\/users\/5"}],"replies":[{"embeddable":true,"href":"https:\/\/netzwerk-schul-it.wobila.de\/index.php?rest_route=%2Fwp%2Fv2%2Fcomments&post=77"}],"version-history":[{"count":4,"href":"https:\/\/netzwerk-schul-it.wobila.de\/index.php?rest_route=\/wp\/v2\/pages\/77\/revisions"}],"predecessor-version":[{"id":89,"href":"https:\/\/netzwerk-schul-it.wobila.de\/index.php?rest_route=\/wp\/v2\/pages\/77\/revisions\/89"}],"wp:attachment":[{"href":"https:\/\/netzwerk-schul-it.wobila.de\/index.php?rest_route=%2Fwp%2Fv2%2Fmedia&parent=77"}],"curies":[{"name":"wp","href":"https:\/\/api.w.org\/{rel}","templated":true}]}}